{"id":688,"date":"2025-10-01T22:20:23","date_gmt":"2025-10-01T22:20:23","guid":{"rendered":"https:\/\/baobeach.com\/?page_id=688"},"modified":"2025-10-28T22:14:14","modified_gmt":"2025-10-28T22:14:14","slug":"politique-confidentialite","status":"publish","type":"page","link":"https:\/\/baobeach.com\/en\/politique-confidentialite\/","title":{"rendered":"Politique de Confidentialit\u00e9"},"content":{"rendered":"<div data-elementor-type=\"wp-page\" data-elementor-id=\"688\" class=\"elementor elementor-688\" data-elementor-post-type=\"page\">\n\t\t\t\t<div class=\"elementor-element elementor-element-089306e e-flex e-con-boxed e-con e-parent\" data-id=\"089306e\" data-element_type=\"container\" data-e-type=\"container\" data-settings=\"{&quot;background_background&quot;:&quot;classic&quot;}\">\n\t\t\t\t\t<div class=\"e-con-inner\">\n\t\t<div class=\"elementor-element elementor-element-f934b9c e-con-full e-flex e-con e-child\" data-id=\"f934b9c\" data-element_type=\"container\" data-e-type=\"container\">\n\t\t\t\t<div class=\"elementor-element elementor-element-e31d0b7 de_scroll_animation_no elementor-invisible elementor-widget elementor-widget-text-editor\" data-id=\"e31d0b7\" data-element_type=\"widget\" data-e-type=\"widget\" data-settings=\"{&quot;_animation&quot;:&quot;fadeIn&quot;}\" data-widget_type=\"text-editor.default\">\n\t\t\t\t\t\t\t\t\t<p data-prosemirror-content-type=\"node\" data-prosemirror-node-name=\"paragraph\" data-prosemirror-node-block=\"true\" data-pm-slice=\"1 1 []\"><strong data-prosemirror-content-type=\"mark\" data-prosemirror-mark-name=\"strong\">Date de derni\u00e8re mise \u00e0 jour : 01\/10\/2025<\/strong><\/p>\t\t\t\t\t\t\t\t<\/div>\n\t\t\t\t<div class=\"elementor-element elementor-element-e6165bd de_scroll_animation_no elementor-widget elementor-widget-text-editor\" data-id=\"e6165bd\" data-element_type=\"widget\" data-e-type=\"widget\" data-widget_type=\"text-editor.default\">\n\t\t\t\t\t\t\t\t\t<h2 data-prosemirror-content-type=\"node\" data-prosemirror-node-name=\"heading\" data-prosemirror-node-block=\"true\" data-pm-slice=\"1 1 []\"><strong data-prosemirror-content-type=\"mark\" data-prosemirror-mark-name=\"strong\">1. \u00c9diteur du site<\/strong><\/h2>\n<p data-prosemirror-content-type=\"node\" data-prosemirror-node-name=\"paragraph\" data-prosemirror-node-block=\"true\">Le site <span class=\"inlineCardView-content-wrap inlineNodeView\" data-prosemirror-content-type=\"node\" data-prosemirror-node-name=\"inlineCard\" data-prosemirror-node-inline=\"true\"><span class=\"card\" aria-busy=\"true\"><a href=\"https:\/\/baobeach.com\/en\/\" data-inline-card=\"\" data-card-data=\"\">https:\/\/baobeach.com<\/a><\/span><\/span> est \u00e9dit\u00e9 par la soci\u00e9t\u00e9 <strong data-prosemirror-content-type=\"mark\" data-prosemirror-mark-name=\"strong\">BAO BEACH SAS<\/strong>,<br data-prosemirror-content-type=\"node\" data-prosemirror-node-name=\"hardBreak\" data-prosemirror-node-inline=\"true\">Soci\u00e9t\u00e9 par actions simplifi\u00e9e au capital de 2 000 \u20ac, immatricul\u00e9e au RCS de Fort-de-France sous le num\u00e9ro <strong data-prosemirror-content-type=\"mark\" data-prosemirror-mark-name=\"strong\">833 764 715<\/strong>.<br data-prosemirror-content-type=\"node\" data-prosemirror-node-name=\"hardBreak\" data-prosemirror-node-inline=\"true\">Si\u00e8ge social : Pointe Marin, 97227 Sainte-Anne, Martinique.<\/p>\n<p data-prosemirror-content-type=\"node\" data-prosemirror-node-name=\"paragraph\" data-prosemirror-node-block=\"true\">Adresse de l\u2019\u00e9tablissement principal :<br data-prosemirror-content-type=\"node\" data-prosemirror-node-name=\"hardBreak\" data-prosemirror-node-inline=\"true\">POINTE MARIN<br data-prosemirror-content-type=\"node\" data-prosemirror-node-name=\"hardBreak\" data-prosemirror-node-inline=\"true\">97227 SAINTE ANNE<\/p>\n<p data-prosemirror-content-type=\"node\" data-prosemirror-node-name=\"paragraph\" data-prosemirror-node-block=\"true\">Contact : via le formulaire de contact du site ou l\u2019adresse e-mail renseign\u00e9e sur le site.<\/p>\n<h2 data-prosemirror-content-type=\"node\" data-prosemirror-node-name=\"heading\" data-prosemirror-node-block=\"true\"><strong data-prosemirror-content-type=\"mark\" data-prosemirror-mark-name=\"strong\">2. Donn\u00e9es collect\u00e9es<\/strong><\/h2>\n<p data-prosemirror-content-type=\"node\" data-prosemirror-node-name=\"paragraph\" data-prosemirror-node-block=\"true\">Lorsque vous utilisez le formulaire de contact du site, nous collectons les donn\u00e9es suivantes :<\/p>\n<ul class=\"ak-ul\" data-prosemirror-content-type=\"node\" data-prosemirror-node-name=\"bulletList\" data-prosemirror-node-block=\"true\">\n<li data-prosemirror-content-type=\"node\" data-prosemirror-node-name=\"listItem\" data-prosemirror-node-block=\"true\">\n<p data-prosemirror-content-type=\"node\" data-prosemirror-node-name=\"paragraph\" data-prosemirror-node-block=\"true\"><strong data-prosemirror-content-type=\"mark\" data-prosemirror-mark-name=\"strong\">Donn\u00e9es obligatoires<\/strong> : nom, pr\u00e9nom, adresse e-mail, message<\/p>\n<\/li>\n<li data-prosemirror-content-type=\"node\" data-prosemirror-node-name=\"listItem\" data-prosemirror-node-block=\"true\">\n<p data-prosemirror-content-type=\"node\" data-prosemirror-node-name=\"paragraph\" data-prosemirror-node-block=\"true\"><strong data-prosemirror-content-type=\"mark\" data-prosemirror-mark-name=\"strong\">Donn\u00e9e facultative<\/strong> : num\u00e9ro de t\u00e9l\u00e9phone portable<\/p>\n<\/li>\n<\/ul>\n<p data-prosemirror-content-type=\"node\" data-prosemirror-node-name=\"paragraph\" data-prosemirror-node-block=\"true\">Nous ne recueillons aucune autre donn\u00e9e personnelle via le formulaire.<\/p>\n<h2 data-prosemirror-content-type=\"node\" data-prosemirror-node-name=\"heading\" data-prosemirror-node-block=\"true\"><strong data-prosemirror-content-type=\"mark\" data-prosemirror-mark-name=\"strong\">3. Finalit\u00e9s du traitement<\/strong><\/h2>\n<p data-prosemirror-content-type=\"node\" data-prosemirror-node-name=\"paragraph\" data-prosemirror-node-block=\"true\">Les donn\u00e9es recueillies sont utilis\u00e9es uniquement pour :<\/p>\n<ul class=\"ak-ul\" data-prosemirror-content-type=\"node\" data-prosemirror-node-name=\"bulletList\" data-prosemirror-node-block=\"true\">\n<li data-prosemirror-content-type=\"node\" data-prosemirror-node-name=\"listItem\" data-prosemirror-node-block=\"true\">\n<p data-prosemirror-content-type=\"node\" data-prosemirror-node-name=\"paragraph\" data-prosemirror-node-block=\"true\">R\u00e9pondre \u00e0 vos messages et demandes via le formulaire de contact<\/p>\n<\/li>\n<li data-prosemirror-content-type=\"node\" data-prosemirror-node-name=\"listItem\" data-prosemirror-node-block=\"true\">\n<p data-prosemirror-content-type=\"node\" data-prosemirror-node-name=\"paragraph\" data-prosemirror-node-block=\"true\">Vous recontacter si n\u00e9cessaire<\/p>\n<\/li>\n<\/ul>\n<p data-prosemirror-content-type=\"node\" data-prosemirror-node-name=\"paragraph\" data-prosemirror-node-block=\"true\">Elles ne sont pas utilis\u00e9es \u00e0 des fins de prospection commerciale ni communiqu\u00e9es \u00e0 des tiers sans votre consentement.<\/p>\n<h2 data-prosemirror-content-type=\"node\" data-prosemirror-node-name=\"heading\" data-prosemirror-node-block=\"true\"><strong data-prosemirror-content-type=\"mark\" data-prosemirror-mark-name=\"strong\">4. Base l\u00e9gale du traitement<\/strong><\/h2>\n<p data-prosemirror-content-type=\"node\" data-prosemirror-node-name=\"paragraph\" data-prosemirror-node-block=\"true\">Le traitement de vos donn\u00e9es repose sur :<\/p>\n<ul class=\"ak-ul\" data-prosemirror-content-type=\"node\" data-prosemirror-node-name=\"bulletList\" data-prosemirror-node-block=\"true\">\n<li data-prosemirror-content-type=\"node\" data-prosemirror-node-name=\"listItem\" data-prosemirror-node-block=\"true\">\n<p data-prosemirror-content-type=\"node\" data-prosemirror-node-name=\"paragraph\" data-prosemirror-node-block=\"true\"><strong data-prosemirror-content-type=\"mark\" data-prosemirror-mark-name=\"strong\">Votre consentement<\/strong> (article 6.1.a du RGPD) au moment o\u00f9 vous remplissez le formulaire<\/p>\n<\/li>\n<li data-prosemirror-content-type=\"node\" data-prosemirror-node-name=\"listItem\" data-prosemirror-node-block=\"true\">\n<p data-prosemirror-content-type=\"node\" data-prosemirror-node-name=\"paragraph\" data-prosemirror-node-block=\"true\"><strong data-prosemirror-content-type=\"mark\" data-prosemirror-mark-name=\"strong\">L\u2019int\u00e9r\u00eat l\u00e9gitime<\/strong> (article 6.1.f du RGPD) de permettre la communication entre vous et l\u2019entreprise pour traiter votre demande<\/p>\n<\/li>\n<\/ul>\n<h2 data-prosemirror-content-type=\"node\" data-prosemirror-node-name=\"heading\" data-prosemirror-node-block=\"true\"><strong data-prosemirror-content-type=\"mark\" data-prosemirror-mark-name=\"strong\">5. Dur\u00e9e de conservation<\/strong><\/h2>\n<p data-prosemirror-content-type=\"node\" data-prosemirror-node-name=\"paragraph\" data-prosemirror-node-block=\"true\">Les donn\u00e9es sont conserv\u00e9es pour une dur\u00e9e maximale de <strong data-prosemirror-content-type=\"mark\" data-prosemirror-mark-name=\"strong\">12 mois<\/strong> \u00e0 compter de la r\u00e9ception de votre demande.<br data-prosemirror-content-type=\"node\" data-prosemirror-node-name=\"hardBreak\" data-prosemirror-node-inline=\"true\">Pass\u00e9 ce d\u00e9lai, elles sont supprim\u00e9es ou anonymis\u00e9es.<\/p>\n<h2 data-prosemirror-content-type=\"node\" data-prosemirror-node-name=\"heading\" data-prosemirror-node-block=\"true\"><strong data-prosemirror-content-type=\"mark\" data-prosemirror-mark-name=\"strong\">6. Destinataires des donn\u00e9es<\/strong><\/h2>\n<p data-prosemirror-content-type=\"node\" data-prosemirror-node-name=\"paragraph\" data-prosemirror-node-block=\"true\">Vos donn\u00e9es sont accessibles uniquement par les personnes habilit\u00e9es au sein de <strong data-prosemirror-content-type=\"mark\" data-prosemirror-mark-name=\"strong\">BAO BEACH<\/strong> charg\u00e9es de traiter les demandes.<br data-prosemirror-content-type=\"node\" data-prosemirror-node-name=\"hardBreak\" data-prosemirror-node-inline=\"true\">Aucune donn\u00e9e n\u2019est transmise \u00e0 un prestataire externe sans votre accord pr\u00e9alable.<\/p>\n<h2 data-prosemirror-content-type=\"node\" data-prosemirror-node-name=\"heading\" data-prosemirror-node-block=\"true\"><strong data-prosemirror-content-type=\"mark\" data-prosemirror-mark-name=\"strong\">7. H\u00e9bergement<\/strong><\/h2>\n<p data-prosemirror-content-type=\"node\" data-prosemirror-node-name=\"paragraph\" data-prosemirror-node-block=\"true\">Le site <span class=\"inlineCardView-content-wrap inlineNodeView\" data-prosemirror-content-type=\"node\" data-prosemirror-node-name=\"inlineCard\" data-prosemirror-node-inline=\"true\"><span class=\"card\" aria-busy=\"true\"><a href=\"https:\/\/baobeach.com\/en\/\" data-inline-card=\"\" data-card-data=\"\">https:\/\/baobeach.com<\/a><\/span><\/span> est h\u00e9berg\u00e9 par <strong data-prosemirror-content-type=\"mark\" data-prosemirror-mark-name=\"strong\">Hostinger<\/strong>.<\/p>\n<ul class=\"ak-ul\" data-prosemirror-content-type=\"node\" data-prosemirror-node-name=\"bulletList\" data-prosemirror-node-block=\"true\">\n<li data-prosemirror-content-type=\"node\" data-prosemirror-node-name=\"listItem\" data-prosemirror-node-block=\"true\">\n<p data-prosemirror-content-type=\"node\" data-prosemirror-node-name=\"paragraph\" data-prosemirror-node-block=\"true\">Hostinger met en \u0153uvre des mesures de s\u00e9curit\u00e9 conformes aux standards de l\u2019industrie pour prot\u00e9ger les serveurs et les donn\u00e9es stock\u00e9es.<\/p>\n<\/li>\n<li data-prosemirror-content-type=\"node\" data-prosemirror-node-name=\"listItem\" data-prosemirror-node-block=\"true\">Hostinger dispose de centres de donn\u00e9es dans plusieurs pays, dont la France, permettant le respect du cadre europ\u00e9en en mati\u00e8re de protection des donn\u00e9es.&nbsp;<\/li>\n<li data-prosemirror-content-type=\"node\" data-prosemirror-node-name=\"listItem\" data-prosemirror-node-block=\"true\">\n<p data-prosemirror-content-type=\"node\" data-prosemirror-node-name=\"paragraph\" data-prosemirror-node-block=\"true\">Pour plus de d\u00e9tails sur la politique de confidentialit\u00e9 et les pratiques de Hostinger, consultez leur politique : \u00ab Politique de confidentialit\u00e9 Hostinger \u00bb.&nbsp;<\/p>\n<\/li>\n<\/ul>\n<h2 data-prosemirror-content-type=\"node\" data-prosemirror-node-name=\"heading\" data-prosemirror-node-block=\"true\"><strong data-prosemirror-content-type=\"mark\" data-prosemirror-mark-name=\"strong\">8. Vos droits<\/strong><\/h2>\n<p data-prosemirror-content-type=\"node\" data-prosemirror-node-name=\"paragraph\" data-prosemirror-node-block=\"true\">Conform\u00e9ment au RGPD et \u00e0 la loi \u00ab Informatique et Libert\u00e9s \u00bb, vous disposez des droits suivants :<\/p>\n<ul class=\"ak-ul\" data-prosemirror-content-type=\"node\" data-prosemirror-node-name=\"bulletList\" data-prosemirror-node-block=\"true\">\n<li data-prosemirror-content-type=\"node\" data-prosemirror-node-name=\"listItem\" data-prosemirror-node-block=\"true\">\n<p data-prosemirror-content-type=\"node\" data-prosemirror-node-name=\"paragraph\" data-prosemirror-node-block=\"true\">Droit d\u2019acc\u00e8s : obtenir une copie des donn\u00e9es vous concernant<\/p>\n<\/li>\n<li data-prosemirror-content-type=\"node\" data-prosemirror-node-name=\"listItem\" data-prosemirror-node-block=\"true\">\n<p data-prosemirror-content-type=\"node\" data-prosemirror-node-name=\"paragraph\" data-prosemirror-node-block=\"true\">Droit de rectification : corriger des donn\u00e9es inexactes ou incompl\u00e8tes<\/p>\n<\/li>\n<li data-prosemirror-content-type=\"node\" data-prosemirror-node-name=\"listItem\" data-prosemirror-node-block=\"true\">\n<p data-prosemirror-content-type=\"node\" data-prosemirror-node-name=\"paragraph\" data-prosemirror-node-block=\"true\">Droit \u00e0 l\u2019effacement (droit \u00e0 l\u2019oubli) : demander la suppression de vos donn\u00e9es<\/p>\n<\/li>\n<li data-prosemirror-content-type=\"node\" data-prosemirror-node-name=\"listItem\" data-prosemirror-node-block=\"true\">\n<p data-prosemirror-content-type=\"node\" data-prosemirror-node-name=\"paragraph\" data-prosemirror-node-block=\"true\">Droit d\u2019opposition : vous opposer \u00e0 tout moment au traitement de vos donn\u00e9es<\/p>\n<\/li>\n<li data-prosemirror-content-type=\"node\" data-prosemirror-node-name=\"listItem\" data-prosemirror-node-block=\"true\">\n<p data-prosemirror-content-type=\"node\" data-prosemirror-node-name=\"paragraph\" data-prosemirror-node-block=\"true\">Droit \u00e0 la portabilit\u00e9 : recevoir vos donn\u00e9es dans un format structur\u00e9, lisible et r\u00e9utilisable<\/p>\n<\/li>\n<\/ul>\n<p data-prosemirror-content-type=\"node\" data-prosemirror-node-name=\"paragraph\" data-prosemirror-node-block=\"true\">Pour exercer vos droits, vous pouvez nous contacter directement via le formulaire du site ou par courrier \u00e0 l\u2019adresse du si\u00e8ge social indiqu\u00e9e ci-dessus.<br data-prosemirror-content-type=\"node\" data-prosemirror-node-name=\"hardBreak\" data-prosemirror-node-inline=\"true\">Vous pouvez \u00e9galement saisir la CNIL (<span class=\"inlineCardView-content-wrap inlineNodeView\" data-prosemirror-content-type=\"node\" data-prosemirror-node-name=\"inlineCard\" data-prosemirror-node-inline=\"true\"><span class=\"card\" aria-busy=\"true\"><a href=\"http:\/\/www.cnil.fr\" data-inline-card=\"\" data-card-data=\"\">http:\/\/www.cnil.fr<\/a><\/span><\/span> ) si vous estimez que vos droits ne sont pas respect\u00e9s.<\/p>\n<h2 data-prosemirror-content-type=\"node\" data-prosemirror-node-name=\"heading\" data-prosemirror-node-block=\"true\"><strong data-prosemirror-content-type=\"mark\" data-prosemirror-mark-name=\"strong\">9. S\u00e9curit\u00e9 des donn\u00e9es<\/strong><\/h2>\n<p data-prosemirror-content-type=\"node\" data-prosemirror-node-name=\"paragraph\" data-prosemirror-node-block=\"true\">Nous d\u00e9ployons des mesures techniques et organisationnelles appropri\u00e9es pour garantir la s\u00e9curit\u00e9, la confidentialit\u00e9 et l\u2019int\u00e9grit\u00e9 de vos donn\u00e9es, pr\u00e9venir toute perte, alt\u00e9ration ou acc\u00e8s non autoris\u00e9.<\/p>\n<h2 data-prosemirror-content-type=\"node\" data-prosemirror-node-name=\"heading\" data-prosemirror-node-block=\"true\"><strong data-prosemirror-content-type=\"mark\" data-prosemirror-mark-name=\"strong\">10. Modifications de la politique<\/strong><\/h2>\n<p data-prosemirror-content-type=\"node\" data-prosemirror-node-name=\"paragraph\" data-prosemirror-node-block=\"true\">Nous nous r\u00e9servons le droit de modifier cette politique de confidentialit\u00e9. Toute mise \u00e0 jour sera publi\u00e9e sur cette page avec mention de la date de r\u00e9vision.<\/p>\t\t\t\t\t\t\t\t<\/div>\n\t\t\t\t<\/div>\n\t\t\t\t\t<\/div>\n\t\t\t\t<\/div>\n\t\t\t\t<\/div>","protected":false},"excerpt":{"rendered":"<p>Une petite faim ? Un avant go\u00fbt de notre cuisine ? D\u00e9couvrez notre selection d&rsquo;Entr\u00e9es et de Tapas. Une cuisine cr\u00e9ole au Restaurant Bao Beach ( Sainte-Anne, Martinique )<\/p>","protected":false},"author":1,"featured_media":0,"parent":0,"menu_order":0,"comment_status":"closed","ping_status":"closed","template":"elementor_header_footer","meta":{"footnotes":""},"class_list":["post-688","page","type-page","status-publish","hentry"],"yoast_head":"<!-- This site is optimized with the Yoast SEO plugin v27.4 - https:\/\/yoast.com\/product\/yoast-seo-wordpress\/ -->\n<title>Politique de Confidentialit\u00e9 - Bao beach<\/title>\n<meta name=\"robots\" content=\"noindex, nofollow\" \/>\n<meta property=\"og:locale\" content=\"en_US\" \/>\n<meta property=\"og:type\" content=\"article\" \/>\n<meta property=\"og:title\" content=\"Politique de Confidentialit\u00e9 - Bao beach\" \/>\n<meta property=\"og:description\" content=\"Une petite faim ? Un avant go\u00fbt de notre cuisine ? D\u00e9couvrez notre selection d&#039;Entr\u00e9es et de Tapas. Une cuisine cr\u00e9ole au Restaurant Bao Beach ( Sainte-Anne, Martinique )\" \/>\n<meta property=\"og:url\" content=\"https:\/\/baobeach.com\/en\/politique-confidentialite\/\" \/>\n<meta property=\"og:site_name\" content=\"Bao beach\" \/>\n<meta property=\"article:modified_time\" content=\"2025-10-28T22:14:14+00:00\" \/>\n<meta name=\"twitter:card\" content=\"summary_large_image\" \/>\n<meta name=\"twitter:label1\" content=\"Est. reading time\" \/>\n\t<meta name=\"twitter:data1\" content=\"3 minutes\" \/>\n<script type=\"application\/ld+json\" class=\"yoast-schema-graph\">{\"@context\":\"https:\\\/\\\/schema.org\",\"@graph\":[{\"@type\":\"WebPage\",\"@id\":\"https:\\\/\\\/baobeach.com\\\/politique-confidentialite\\\/\",\"url\":\"https:\\\/\\\/baobeach.com\\\/politique-confidentialite\\\/\",\"name\":\"Politique de Confidentialit\u00e9 - Bao beach\",\"isPartOf\":{\"@id\":\"https:\\\/\\\/baobeach.com\\\/#website\"},\"datePublished\":\"2025-10-01T22:20:23+00:00\",\"dateModified\":\"2025-10-28T22:14:14+00:00\",\"breadcrumb\":{\"@id\":\"https:\\\/\\\/baobeach.com\\\/politique-confidentialite\\\/#breadcrumb\"},\"inLanguage\":\"en-US\",\"potentialAction\":[{\"@type\":\"ReadAction\",\"target\":[\"https:\\\/\\\/baobeach.com\\\/politique-confidentialite\\\/\"]}]},{\"@type\":\"BreadcrumbList\",\"@id\":\"https:\\\/\\\/baobeach.com\\\/politique-confidentialite\\\/#breadcrumb\",\"itemListElement\":[{\"@type\":\"ListItem\",\"position\":1,\"name\":\"Accueil\",\"item\":\"https:\\\/\\\/baobeach.com\\\/\"},{\"@type\":\"ListItem\",\"position\":2,\"name\":\"Politique de Confidentialit\u00e9\"}]},{\"@type\":\"WebSite\",\"@id\":\"https:\\\/\\\/baobeach.com\\\/#website\",\"url\":\"https:\\\/\\\/baobeach.com\\\/\",\"name\":\"Bao beach\",\"description\":\"Restaurant sainte-anne Martinique \\\/ beach bar\",\"potentialAction\":[{\"@type\":\"SearchAction\",\"target\":{\"@type\":\"EntryPoint\",\"urlTemplate\":\"https:\\\/\\\/baobeach.com\\\/?s={search_term_string}\"},\"query-input\":{\"@type\":\"PropertyValueSpecification\",\"valueRequired\":true,\"valueName\":\"search_term_string\"}}],\"inLanguage\":\"en-US\"}]}<\/script>\n<!-- \/ Yoast SEO plugin. -->","yoast_head_json":{"title":"Politique de Confidentialit\u00e9 - Bao beach","robots":{"index":"noindex","follow":"nofollow"},"og_locale":"en_US","og_type":"article","og_title":"Politique de Confidentialit\u00e9 - Bao beach","og_description":"Une petite faim ? Un avant go\u00fbt de notre cuisine ? D\u00e9couvrez notre selection d'Entr\u00e9es et de Tapas. Une cuisine cr\u00e9ole au Restaurant Bao Beach ( Sainte-Anne, Martinique )","og_url":"https:\/\/baobeach.com\/en\/politique-confidentialite\/","og_site_name":"Bao beach","article_modified_time":"2025-10-28T22:14:14+00:00","twitter_card":"summary_large_image","twitter_misc":{"Est. reading time":"3 minutes"},"schema":{"@context":"https:\/\/schema.org","@graph":[{"@type":"WebPage","@id":"https:\/\/baobeach.com\/politique-confidentialite\/","url":"https:\/\/baobeach.com\/politique-confidentialite\/","name":"Politique de Confidentialit\u00e9 - Bao beach","isPartOf":{"@id":"https:\/\/baobeach.com\/#website"},"datePublished":"2025-10-01T22:20:23+00:00","dateModified":"2025-10-28T22:14:14+00:00","breadcrumb":{"@id":"https:\/\/baobeach.com\/politique-confidentialite\/#breadcrumb"},"inLanguage":"en-US","potentialAction":[{"@type":"ReadAction","target":["https:\/\/baobeach.com\/politique-confidentialite\/"]}]},{"@type":"BreadcrumbList","@id":"https:\/\/baobeach.com\/politique-confidentialite\/#breadcrumb","itemListElement":[{"@type":"ListItem","position":1,"name":"Accueil","item":"https:\/\/baobeach.com\/"},{"@type":"ListItem","position":2,"name":"Politique de Confidentialit\u00e9"}]},{"@type":"WebSite","@id":"https:\/\/baobeach.com\/#website","url":"https:\/\/baobeach.com\/","name":"Bao beach","description":"Restaurant sainte-anne Martinique \/ beach bar","potentialAction":[{"@type":"SearchAction","target":{"@type":"EntryPoint","urlTemplate":"https:\/\/baobeach.com\/?s={search_term_string}"},"query-input":{"@type":"PropertyValueSpecification","valueRequired":true,"valueName":"search_term_string"}}],"inLanguage":"en-US"}]}},"_links":{"self":[{"href":"https:\/\/baobeach.com\/en\/wp-json\/wp\/v2\/pages\/688","targetHints":{"allow":["GET"]}}],"collection":[{"href":"https:\/\/baobeach.com\/en\/wp-json\/wp\/v2\/pages"}],"about":[{"href":"https:\/\/baobeach.com\/en\/wp-json\/wp\/v2\/types\/page"}],"author":[{"embeddable":true,"href":"https:\/\/baobeach.com\/en\/wp-json\/wp\/v2\/users\/1"}],"replies":[{"embeddable":true,"href":"https:\/\/baobeach.com\/en\/wp-json\/wp\/v2\/comments?post=688"}],"version-history":[{"count":7,"href":"https:\/\/baobeach.com\/en\/wp-json\/wp\/v2\/pages\/688\/revisions"}],"predecessor-version":[{"id":774,"href":"https:\/\/baobeach.com\/en\/wp-json\/wp\/v2\/pages\/688\/revisions\/774"}],"wp:attachment":[{"href":"https:\/\/baobeach.com\/en\/wp-json\/wp\/v2\/media?parent=688"}],"curies":[{"name":"wp","href":"https:\/\/api.w.org\/{rel}","templated":true}]}}